{"id":13,"date":"2011-04-11T17:56:53","date_gmt":"2011-04-11T17:56:53","guid":{"rendered":"https:\/\/ulrichwagner-art.de\/?page_id=13"},"modified":"2020-10-18T15:49:56","modified_gmt":"2020-10-18T13:49:56","slug":"ulrich-wagner","status":"publish","type":"page","link":"https:\/\/ulrichwagner-art.de\/en\/ulrich-wagner\/","title":{"rendered":"Ulrich Wagner"},"content":{"rendered":"<p><\/p>\n<p>&nbsp;<\/p>\n<p>&nbsp;<\/p>\n<p>&nbsp;<\/p>\n<h2>Biography<\/h2>\n<p>&nbsp;<\/p>\n<p>&nbsp;<\/p>\n<p>&nbsp;<\/p>\n<table>\n<tbody>\n<tr>\n<td valign=\"top\">\n<p>1959<\/p>\n<\/td>\n<td valign=\"top\">\n<p>born in Cologne<\/p>\n<\/td>\n<\/tr>\n<tr>\n<td valign=\"top\">\n<p>1981-1987\u00a0\u00a0<\/p>\n<\/td>\n<td valign=\"top\">\n<p>Cologne Polytechnic for Art and Design, under Eduardo Paolozzi<\/p>\n<\/td>\n<\/tr>\n<tr>\n<td valign=\"top\">\n<p>1984-1987<\/p>\n<\/td>\n<td valign=\"top\">\n<p>Student in a masterclass of Eduardo Paolozzi<\/p>\n<\/td>\n<\/tr>\n<tr>\n<td valign=\"top\">\n<p>1983<\/p>\n<\/td>\n<td valign=\"top\">\n<p>assistant at the Sommerakademie Salzburg<\/p>\n<\/td>\n<\/tr>\n<tr>\n<td valign=\"top\">\n<p>1984-1989<\/p>\n<\/td>\n<td valign=\"top\">\n<p>Assistant of Eduardo Paolozzi <br \/>\nfor the realization of a well project (Museum Ludwig) <br \/>\nand the Katastrophenbrunnen at the Bundesgartenschau Berlin et al.<\/p>\n<\/td>\n<\/tr>\n<tr>\n<td valign=\"top\">\n<p>1989<\/p>\n<\/td>\n<td valign=\"top\">\n<p>Bursary of the G\u00fcnther Peill Foundation<\/p>\n<\/td>\n<\/tr>\n<tr>\n<td valign=\"top\">\n<p>1990<\/p>\n<\/td>\n<td valign=\"top\">\n<p>Prize of the Assocation of German Paper Manufacturers<\/p>\n<\/td>\n<\/tr>\n<tr>\n<td valign=\"top\">\n<p>1995<\/p>\n<\/td>\n<td valign=\"top\">\n<p>Teaching assignment at the National College of Art and Design, Bergen, Norway<\/p>\n<\/td>\n<\/tr>\n<tr>\n<td valign=\"top\">\n<p>2008<\/p>\n<\/td>\n<td valign=\"top\">\n<p>Leo Breuer Kunstpreis, LVR , Bonn, D<\/p>\n<\/td>\n<\/tr>\n<tr>\n<td valign=\"top\">2009<\/td>\n<td valign=\"top\">Kritikerpreis 2009 f\u00fcr Bildende Kunst, Verband der deutschen Kritiker, Berlin, D<\/td>\n<\/tr>\n<tr>\n<td valign=\"top\">\n<p>2011<\/p>\n<\/td>\n<td valign=\"top\">\n<p>Neuerwerbung des Lichtraums \u201eOrtsged\u00e4chtnis-Ged\u00e4chtntis der Orte\u201c in den Bereich \u201eKunst und Macht im 20. Jahrhundert\u201c des LVR-LandesMuseum, Bonn<\/p>\n<\/td>\n<\/tr>\n<\/tbody>\n<\/table>\n<p>&nbsp;<\/p>\n<p>&nbsp;<\/p>\n<h2>Individual Exhibitions (selection)<\/h2>\n<p>&nbsp;<\/p>\n<table>\n<tbody>\n<tr>\n<td valign=\"top\" width=\"60\">\n<p>1985<\/p>\n<\/td>\n<td valign=\"top\">\n<p><em>Installation Paravent<\/em>, Pulheim, D<\/p>\n<\/td>\n<\/tr>\n<tr>\n<td valign=\"top\" width=\"60\">\n<p>1986<\/p>\n<\/td>\n<td valign=\"top\">\n<p><em>Raumarbeit<\/em>, Simultanhalle, K\u00f6ln-Volkhoven, D<\/p>\n<\/td>\n<\/tr>\n<tr>\n<td valign=\"top\" width=\"60\">\n<p>1988<\/p>\n<\/td>\n<td valign=\"top\">\n<p><em>Projekt Plastiken<\/em>, Brauweiler, D<\/p>\n<\/td>\n<\/tr>\n<tr>\n<td valign=\"top\" width=\"60\">\n<p>1990<\/p>\n<\/td>\n<td valign=\"top\">\n<p><em>Raumarbeit<\/em>, Wachsfabrik, K\u00f6ln, D<\/p>\n<\/td>\n<\/tr>\n<tr>\n<td valign=\"top\" width=\"60\">\n<p>1991<\/p>\n<\/td>\n<td valign=\"top\">\n<p>Galerie Horst Dietrich, Berlin, D<br \/>\nGalerie Druck und Buch, T\u00fcbingen, D<br \/>\nLeopold-Hoesch-Museum, D\u00fcren, D<\/p>\n<\/td>\n<\/tr>\n<tr>\n<td valign=\"top\" width=\"60\">\n<p>1992<\/p>\n<\/td>\n<td valign=\"top\">\n<p><em>one-man show<\/em>, Art 23,Basel , CH<\/p>\n<\/td>\n<\/tr>\n<tr>\n<td valign=\"top\" width=\"60\">\n<p>1993<\/p>\n<\/td>\n<td valign=\"top\">\n<p><em>Umkehr<\/em>, Chapelle St. Fiacre, Guidel, F<\/p>\n<\/td>\n<\/tr>\n<tr>\n<td valign=\"top\" width=\"60\">\n<p>1995<\/p>\n<\/td>\n<td valign=\"top\">\n<p>Galerie Wack, Kaiserslautern, D<br \/>\n<em>Sternzeichen<\/em>, Museum f\u00fcr Kunsthandwerk, Frankfurt am Main, D<br \/>\n<em>Vernetzte Systeme<\/em>, St\u00e4dtische Galerie Villa Zanders, Bergisch Gladbach, D<\/p>\n<\/td>\n<\/tr>\n<tr>\n<td valign=\"top\" width=\"60\">\n<p>1996<\/p>\n<\/td>\n<td valign=\"top\">\n<p><em>Ariadne<\/em>, Kunstbunker Tumulka, M\u00fcnchen, D<br \/>\nKZ-Gedenkst\u00e4tte Sachsenhausen, Oranienburg, D<br \/>\nParamentenhaus Wefers, K\u00f6ln, D<\/p>\n<\/td>\n<\/tr>\n<tr>\n<td valign=\"top\" width=\"60\">\n<p>1997<\/p>\n<\/td>\n<td valign=\"top\">\n<p><em>Leporello-Labyrinthes<\/em>, Mus\u00e9e des Tapisseries, Aix-en-Provence, F<br \/>\nKunsthaus Santa Fe, San Miguel de Allende, MEX <br \/>\nGalerie Michael Bock, San Miguel de Allende, MEX<\/p>\n<\/td>\n<\/tr>\n<tr>\n<td valign=\"top\" width=\"60\">\n<p>1998<\/p>\n<\/td>\n<td valign=\"top\">\n<p><em>Ein imagin\u00e4rer Garten<\/em>, Land Art Projekt, Landesgartenschau, J\u00fclich, D<\/p>\n<\/td>\n<\/tr>\n<tr>\n<td valign=\"top\" width=\"60\">\n<p>2000<\/p>\n<\/td>\n<td valign=\"top\">\n<p>Galerie an der Stadtkirche, Bayreuth, D<\/p>\n<\/td>\n<\/tr>\n<tr>\n<td valign=\"top\" width=\"60\">\n<p>2001<\/p>\n<\/td>\n<td valign=\"top\">\n<p>Galerie Wack, Kaiserslautern, D<\/p>\n<\/td>\n<\/tr>\n<tr>\n<td valign=\"top\" width=\"60\">\n<p>2002<\/p>\n<\/td>\n<td valign=\"top\">\n<p>Leopold-Hoesch-Museum, D\u00fcren, D<\/p>\n<\/td>\n<\/tr>\n<tr>\n<td valign=\"top\" width=\"60\">\n<p>2003<\/p>\n<\/td>\n<td valign=\"top\">\n<p>Klingspor-Museum, Offenbach, D<br \/>\nGalerie an der Stadtkirche, Bayreuth, D<br \/>\n<em>Rotblau<\/em> Pfalzgalerie, Kaiserslautern, D<br \/>\n<em>Ein Buch zu Auschwitz 2<\/em>, Stadtb\u00fccherei\/Klingspor-Museum, Offenbach, D<\/p>\n<\/td>\n<\/tr>\n<tr>\n<td valign=\"top\" width=\"60\">\n<p>2004<\/p>\n<\/td>\n<td valign=\"top\">\n<p>Galerie Stracke, K\u00f6ln, D<\/p>\n<\/td>\n<\/tr>\n<tr>\n<td valign=\"top\" width=\"60\">\n<p>2005<\/p>\n<\/td>\n<td valign=\"top\">\n<p><em>Forum<\/em>, Raumarbeit, Art Frankfurt, Frankfurt am Main, D<\/p>\n<\/td>\n<\/tr>\n<tr>\n<td valign=\"top\" width=\"60\">\n<p>2008<\/p>\n<\/td>\n<td valign=\"top\">\n<p><em>Br\u00fcckenschlag<\/em>, Mannheimer Kunstverein, Mannheim, D<br \/>\n<em>Forum<\/em>, Kunstverein, Speyer, D<br \/>\nGalerie Stracke, K\u00f6ln, D<br \/>\n<em>Raum Licht Papier<\/em>, Emsdettener Kunstverein, Emsdetten, D<br \/>\n<em>Lichtraum<\/em>, Leo Breuer Kunstpreis LVR, Rheinisches Landesmuseum, Bonn, D<br \/>\n<em>Leo Breuer Kunstpreis<\/em>, Gesellschaft f\u00fcr Kunst und Gestaltung, Bonn, D<br \/>\nGalerie Wack, Kaiserslautern, D<\/p>\n<\/td>\n<\/tr>\n<tr>\n<td valign=\"top\" width=\"60\">\n<p>2009<\/p>\n<\/td>\n<td valign=\"top\">\n<p><em>Imprints-Galerie<\/em>, Pi\u00e9gros La Clastre, F<\/p>\n<\/td>\n<\/tr>\n<tr>\n<td valign=\"top\" width=\"60\">\n<p><span style=\"font-size: 12pt;\">2011<\/span><\/p>\n<p>2013<\/p>\n<p>&nbsp;<\/p>\n<p>2016<\/p>\n<\/td>\n<td valign=\"top\">\n<p><em>Ortsged\u00e4chtnis-Ged\u00e4chtnis der Orte<\/em>,\u00a0Rheinisches Landesmuseum, Bonn, D<\/p>\n<p><i>\u00dcbertritt,<\/i>\u00a0Kunstverein, Germersheim, D<\/p>\n<p>Galerie Wack, Kaiserslautern, D<\/p>\n<p><em>Urbane Systeme,<\/em>\u00a0Galerie Klein, K\u00f6nigstein, D<\/p>\n<p><span style=\"font-family: inherit; font-size: inherit;\">Klingspor-Museum, Offenbach, D<\/span><\/p>\n<\/td>\n<\/tr>\n<tr>\n<td>\n<p><span style=\"font-size: 12pt;\">2018<\/span><\/p>\n<\/td>\n<td>\n<p><em><span style=\"font-size: small;\">Urbane Systeme, Museum Ritter, Waldenbuch, D<\/span><\/em><\/p>\n<\/td>\n<\/tr>\n<\/tbody>\n<\/table>\n<p>&nbsp;<\/p>\n<p>&nbsp;<\/p>\n<h2>Works in public collections (selection)<\/h2>\n<ul>\n<li>Leopold-Hoesch-Museum, D\u00fcren, D<\/li>\n<li>St\u00e4dtische Galerie Villa Zanders, Bergisch Gladbach, D<\/li>\n<li>Museum f\u00fcr Angewandte Kunst, Frankfurt am Main, D<\/li>\n<li>Graphothek, Berlin, D<\/li>\n<li>Bayerische Staatsbibliothek, M\u00fcnchen, D<\/li>\n<li>Tate Gallery, London, GB<\/li>\n<li>Victoria &amp; Albert Museum, London, GB<\/li>\n<li>Staatsgalerie, Stuttgart, D<\/li>\n<li>Museum f\u00fcr Papier- und Buchkunst, Lenningen, D<\/li>\n<li>Pfalzgalerie, Kaiserslautern, D<\/li>\n<li>KZ-Gedenkst\u00e4tte Mittelbau-Dora, Nordhausen, D<\/li>\n<li>KZ-Gedenkst\u00e4tte Sachsenhausen, Oranienburg, D<\/li>\n<li>Museum f\u00fcr Kunsthandwerk, Hamburg, D<\/li>\n<li>Public Library, New York, USA<\/li>\n<li>Kultusministerium Rheinland-Pfalz, Mainz, D<\/li>\n<li>G\u00fcnther-Peill-Stiftung, D\u00fcren, D<\/li>\n<li>LVR-LandesMuseum Bonn, D<\/li>\n<li>Biblioth\u00e9que nationale de Luxembourg, L\u00a0<\/li>\n<li>Klingspor-Museum, Offenbach, D<\/li>\n<li>Herzogin \u00a0Anna Amalia Bibliothek, Weimar, D<\/li>\n<li>Deutsches Buch- und Schriftmuseum der Deutschen Nationalbibliothek, D<\/li>\n<li>Stanford University Library, USA<\/li>\n<li>Wellesley College, Wellesley, USA<\/li>\n<li>Ampersand Foundation, Johannesburg, SA<\/li>\n<\/ul>\n<p>&nbsp;<\/p>\n<h2>Participation in Exhibitions (selection)<\/h2>\n<p>&nbsp;<\/p>\n<table>\n<tbody>\n<tr>\n<td valign=\"top\" width=\"60\">\n<p>1983<\/p>\n<\/td>\n<td valign=\"top\">\n<p><em>Profil<\/em>, Galerie K\u00fcmmel im Stollwerck, K\u00f6ln, D<br \/>\nKulturzentrum Rote Fabrik, Z\u00fcrich, CH<br \/>\nMuseum f\u00fcr aktuelle Kunst, Hasselt, B<br \/>\n<em>Papier<\/em>, Royal College of Art, London, GB<br \/>\nKunstverein, &amp;UUML;berlingen, D<\/p>\n<\/td>\n<\/tr>\n<tr>\n<td valign=\"top\" width=\"60\">\n<p>1986<\/p>\n<\/td>\n<td valign=\"top\">\n<p><em>7 aus K\u00f6ln<\/em>, Raumarbeit, Famagusta Gate, Nicosia, CY<\/p>\n<\/td>\n<\/tr>\n<tr>\n<td valign=\"top\" width=\"60\">\n<p>1987<\/p>\n<\/td>\n<td valign=\"top\">\n<p><em>Forum Junger Kunst<\/em>, Kunsthalle, Baden-Baden, D Kunsthalle, Mannheim, D<br \/>\nW\u00fcrttembergischer Kunstverein, Stuttgart, D<\/p>\n<\/td>\n<\/tr>\n<tr>\n<td valign=\"top\" width=\"60\">\n<p>1988<\/p>\n<\/td>\n<td valign=\"top\">\n<p><em>ll. Internationale Biennale der Papierkunst<\/em>, Leopold-Hoesch-Museum, D\u00fcren, D<\/p>\n<\/td>\n<\/tr>\n<tr>\n<td valign=\"top\" width=\"60\">\n<p>1989<\/p>\n<\/td>\n<td valign=\"top\">\n<p><em>Contemporary Papermakers from Germany<\/em>, Saint-Louis Gallery of Contemporary Art, USA <br \/>\nGoethe-Institut, Chicago, USA<br \/>\nGoethe Institut, British Columbia, CDN <br \/>\nGoethe-Institut, San Francisco, USA<\/p>\n<\/td>\n<\/tr>\n<tr>\n<td valign=\"top\" width=\"60\">\n<p>1990<\/p>\n<\/td>\n<td valign=\"top\">\n<p><em>Innovation Papier<\/em>, Galerie im K\u00f6rnerpark, Berlin, D<br \/>\nGalerie Horst Dietrich, Berlin, D<br \/>\n<em>III. Internationale Biennale der Papierkunst<\/em>, Leopold-Hoesch-Museum, D\u00fcren, D<br \/>\n<em>Raumarbeit<\/em>, Nordj\u00fcllands Kunstmuseum, Aalborg, DK<br \/>\n<em>Painters and poets in print<\/em>, Laing Art Gallery, Newcastle, GB<br \/>\nCity Museum and Art Gallery, Hanley, GB<br \/>\nCity Art Gallery; Southampton, GB<br \/>\nGalerie Druck und Buch, T\u00fcbingen, D<\/p>\n<\/td>\n<\/tr>\n<tr>\n<td valign=\"top\" width=\"60\">\n<p>1991<\/p>\n<\/td>\n<td valign=\"top\">\n<p>Paperi Taide Galleria, Kuusankoski, FIN<br \/>\n<em>Konstruktive Str\u00f6mungen<\/em>, Kammerhofgalerie, Gmunden, A<\/p>\n<\/td>\n<\/tr>\n<tr>\n<td valign=\"top\" width=\"60\">\n<p>1992<\/p>\n<\/td>\n<td valign=\"top\">\n<p><em>Casula<\/em>, Kunststation St. Peter, K\u00f6ln, D<br \/>\nGalerie in der Finkenstra\u00dfe, M\u00fcnchen, D<br \/>\nSankt Petri, L\u00fcbeck, D<br \/>\nMuseum f\u00fcr Papier- und Buchkunst, Lenningen, D<br \/>\n<em>Nicht von dieser Art<\/em>, Museum f\u00fcr Angewandte Kunst, Frankfurt am Main, D<br \/>\n<em>Only Paper<\/em>, St\u00e4dtische Galerie Villa Zanders, Bergisch Gladbach, D<\/p>\n<\/td>\n<\/tr>\n<tr>\n<td valign=\"top\" width=\"60\">\n<p>1993<\/p>\n<\/td>\n<td valign=\"top\">\n<p>Galerie Zeller, Bern, CH<br \/>\n<em>Casula<\/em>, St\u00e4dtische Galerie, Villingen-Schwenningen, D<br \/>\n<em>Das andere Buch<\/em>, Rathaus, Wien, A<\/p>\n<\/td>\n<\/tr>\n<tr>\n<td valign=\"top\" width=\"60\">\n<p>1994<\/p>\n<\/td>\n<td valign=\"top\">\n<p><em>Kunst wie sie im Buche steht<\/em>, Museum f\u00fcr angewandte Kunst, Frankfurt am Main, D<br \/>\n<em>Casula<\/em>, Di\u00f6zesankunstverein, Linz, A<br \/>\n<em>Art sacr\u00e9 et cr\u00e9ation<\/em>, Palais du Tau, Reims, F<br \/>\n<em>6. Triennale Zeitgen\u00f6ssisches Kunsthandwerk (Buchkunst)<\/em>, <br \/>\nMuseum f\u00fcr Kunsthandwerk, Frankfurt am Main, D<br \/>\nMuseum f\u00fcr Kunsthandwerk, Leipzig, D<\/p>\n<\/td>\n<\/tr>\n<tr>\n<td valign=\"top\" width=\"60\">\n<p>1995<\/p>\n<\/td>\n<td valign=\"top\">\n<p><em>Euro-Estampe 95<\/em>, Lorient, F<br \/>\nKZ-Gedenkst\u00e4tte Mittelbau-Dora, Nordhausen, D<\/p>\n<\/td>\n<\/tr>\n<tr>\n<td valign=\"top\" width=\"60\">\n<p>1996<\/p>\n<\/td>\n<td valign=\"top\">\n<p><em>Handdrucke und Objekte<\/em>, Galerie Wack, Kaiserslautern, D<br \/>\nWei\u00dfe Galerie, K\u00f6ln, D<br \/>\nGoethe-Institut, Madrid, E<br \/>\nStaatsbibliothek, Berlin, D<\/p>\n<\/td>\n<\/tr>\n<tr>\n<td valign=\"top\" width=\"60\">\n<p>1997<\/p>\n<\/td>\n<td valign=\"top\">\n<p><em>Konkrete Kunst<\/em>, Kunstverein, Speyer, D<br \/>\n<em>Aufgeschlagen<\/em>, Atelier Buch Art, Kassel, D<br \/>\n<em>Lectura digital<\/em>, Exposici\u00f3n Conferencias, Madrid, E<br \/>\n<em>Schwarz<\/em>, Wei\u00dfe Galerie, K\u00f6ln, D<\/p>\n<\/td>\n<\/tr>\n<tr>\n<td valign=\"top\" width=\"60\">\n<p>1998<\/p>\n<\/td>\n<td valign=\"top\">\n<p><em>Contemporary Polish Book Art<\/em>, Galerie DAP, Warszawa, PL<br \/>\n<em>Sector 3<\/em>, Arte contempore\u00e1no alem\u00e1n, Universidad de Guanajuato, Guanajuato, MEX<br \/>\nBiblioteca Magna, Monterrey, MEX<br \/>\nEx-Teresa, Mexico City, MEX<\/p>\n<\/td>\n<\/tr>\n<tr>\n<td valign=\"top\" width=\"60\">\n<p>1999<\/p>\n<\/td>\n<td valign=\"top\">\n<p>Muse de la Ciudad, Queretaro, MEX<br \/>\n<em>Electric Paper<\/em>, Paper Art 7, Leopold-Hoesch-Museum, D\u00fcren, D<br \/>\nMuseum f\u00fcr Angewandte Kunst, Frankfurt am Main, D<\/p>\n<\/td>\n<\/tr>\n<tr>\n<td valign=\"top\" width=\"60\">\n<p>2000<\/p>\n<\/td>\n<td valign=\"top\">\n<p>Universidad de Guanajuato, Guanajuato, MEX <br \/>\n<em>Revision 30 Stationen zum 20. Jahrhundert<\/em>, Museum f\u00fcr Angewandte Kunst, Frankfurt am Main, D<br \/>\n<em>Global 1<\/em>, Cencebaugh Contemorary Gallery, New York, USA<\/p>\n<\/td>\n<\/tr>\n<tr>\n<td valign=\"top\" width=\"60\">\n<p>2001<\/p>\n<\/td>\n<td valign=\"top\">\n<p>Galerie an der Stadtkirche, Bayreuth, D<br \/>\nGalerie Wack, Kaiserslautern, D<br \/>\nArte3 Galerie, Leon, MEX<br \/>\nMuseo de Arte Contemporano, Durango, MEX<br \/>\n<em>Intercity<\/em>, Galeria Sztuki Wsp\u00f3lczesnej Bunkier Sztuki, Krak\u00f3w, PL<\/p>\n<\/td>\n<\/tr>\n<tr>\n<td valign=\"top\" width=\"60\">\n<p>2002<\/p>\n<\/td>\n<td valign=\"top\">\n<p><em>XIII. Deutsche Internationale Grafik-Triennale<\/em>, Kunstverein Frechen, D<br \/>\n<em>Collection M\u00fcller<\/em>, Museo de Arte Contemporano, Morela, MEX<br \/>\nMuseo de Arte Contemporano, Aquas Calientes, MEX<\/p>\n<\/td>\n<\/tr>\n<tr>\n<td valign=\"top\" width=\"60\">\n<p>2003<\/p>\n<\/td>\n<td valign=\"top\">\n<p>Libri, Galerie Stracke, K\u00f6ln, D<br \/>\nGalerie Wack, Kaiserslautern, D<\/p>\n<\/td>\n<\/tr>\n<tr>\n<td valign=\"top\" width=\"60\">\n<p>2004<\/p>\n<\/td>\n<td valign=\"top\">\n<p>Klingspor-Museum, Offenbach, D<br \/>\n<em>100 x Papier<\/em>, St\u00e4dtische Galerie Villa Zanders, Bergisch Gladbach, D<\/p>\n<\/td>\n<\/tr>\n<tr>\n<td valign=\"top\" width=\"60\">\n<p>2005<\/p>\n<\/td>\n<td valign=\"top\">\n<p><em>Papierkunst-5<\/em>, Neuer Kunstverein, Aschaffenburg, D<\/p>\n<\/td>\n<\/tr>\n<tr>\n<td valign=\"top\" width=\"60\">\n<p>2006<\/p>\n<\/td>\n<td valign=\"top\">\n<p><em>Der Souvenir<\/em> Museum f\u00fcr Angewandte Kunst, Frankfurt am Main, D<br \/>\nCulture Center of Hollywood, USA<\/p>\n<p>Ciudad, Santiago de Quer\u00e9taro, Mexico<\/p>\n<\/td>\n<\/tr>\n<tr>\n<td valign=\"top\" width=\"60\">\n<p>2007<\/p>\n<\/td>\n<td valign=\"top\">\n<p><em>Der Souvenir,<\/em> ACC Galerie, Weimar, D<br \/>\nSt\u00e4dtische Galerie Villa Zanders, Bergisch Gladbach, D<br \/>\nKunsthaus Miami, Miami, USA<\/p>\n<\/td>\n<\/tr>\n<tr>\n<td valign=\"top\" width=\"60\">\n<p>2008<\/p>\n<\/td>\n<td valign=\"top\">\n<p>Gesellschaft f\u00fcr Kunst und Gestaltung, Bonn, D<\/p>\n<\/td>\n<\/tr>\n<tr>\n<td valign=\"top\" width=\"60\">\n<p>2009<\/p>\n<\/td>\n<td valign=\"top\">\n<p>\u201eGrenzen der Identit\u00e4t\u201c Brauweiler, D<br \/>\n\u201eGrenzen der Identit\u00e4t\u201c Krakau, PL<br \/>\nGalerie Wack, Kaiserslautern, D<\/p>\n<\/td>\n<\/tr>\n<tr>\n<td valign=\"top\" width=\"60\">\n<p>2010<\/p>\n<\/td>\n<td valign=\"top\">\n<p>Imprints-Galerie, Pi\u00e9gros La Clastre, F<br \/>\n<em>Schwarz wei\u00df<\/em>, Galerie Wack, Kaiserslautern, D<\/p>\n<\/td>\n<\/tr>\n<tr>\n<td valign=\"top\" width=\"60\">\n<p>2011<\/p>\n<\/td>\n<td valign=\"top\">\n<p><em>25 Jahre Papier als k\u00fcnstlerisches Medium<\/em>, St\u00e4dtische Galerie Villa Zanders, Bergisch Gladbach, D<\/p>\n<p><em>Fantasmas y otras pesadillas<\/em>, La C\u00e1mara, XXXIX Festival Internacional Cervantiino, San Miguel de Allende<\/p>\n<p><em>\u201cKN\u00dcLLER- REISSER- FALTER 25 Jahre \u201c<\/em> St\u00e4dtische Galerie Villa Zanders, Bergisch Gladbach, D<\/p>\n<\/td>\n<\/tr>\n<tr>\n<td valign=\"top\" width=\"60\">\n<p>2012<\/p>\n<p>&nbsp;<\/p>\n<p>&nbsp;<\/p>\n<p>&nbsp;<\/p>\n<p>2013<\/p>\n<p>&nbsp;<\/p>\n<p>2014<\/p>\n<p>2016<\/p>\n<p>&nbsp;<\/p>\n<p>\u00a02017<\/p>\n<\/td>\n<td valign=\"top\">\n<p><em>Buchkunst<\/em>\u00a0Total\/Sammlung Total, Museum f\u00fcr Angewandte Kunst, Frankfurt am Main, D<\/p>\n<p>Galerie Wack, Kaiserslautern, D<\/p>\n<p><i>Neue Welten,\u00a0<\/i>Kunsthallen Offenbach, Offenbach, D<\/p>\n<p><i>HRBST.ZEIT.LOSE,\u00a0<\/i>Gesellschaft f\u00fcr Kunst und Gestaltung, Bonn, D<\/p>\n<p><i>30 Jahre GKG<\/i>, Gesellschaft f\u00fcr Kunst und Gestaltung, Bonn, D<\/p>\n<p>Galerie der Editionale, K\u00f6ln, D<\/p>\n<p><em>Auf den Punkt<\/em>, Raum 2810, Bonn<\/p>\n<p><em>SchwarzLicht<\/em>, Luminale,\u00a0St\u00e4dtische Sparkasse, Offenbach am Main, D<\/p>\n<p>Klingspor-Museum, Offenbach, D<\/p>\n<p><em>objekt + graphik, <\/em>Galerie Wack, Kaiserslautern, D<\/p>\n<\/td>\n<\/tr>\n<tr>\n<td>\n<p>2020<\/p>\n<\/td>\n<td>\n<p><em><i>Netzwerk, Luminale, Offenbach am Main, D<\/i><\/em><\/p>\n<\/td>\n<\/tr>\n<\/tbody>\n<\/table>\n<p>&nbsp;<\/p>\n<h2>Bibliography<\/h2>\n<h3><strong>Monographic Catalogues<\/strong><\/h3>\n<ul>\n<li><em>Ulrich Wagner (Paravent), <\/em>Rathaus Pulheim, Pulheim 1985 (Text: Brigitte Hammer)<\/li>\n<li><em>Ulrich Wagner (Zeichen), <\/em>G\u00fcnther Peill Stiftung, Leopold-Hoesch-Museum, D\u00fcren 1991 (Text: Dorothea Eimert)<\/li>\n<li><em>Ulrich Wagner (Umkehr), <\/em>Chapelle St. Fiacre Guidel\/Frankreich 1993, (Text: Christine Hartmann)<\/li>\n<li><em>Ulrich Wagner (Vernetzte Systeme), <\/em>St\u00e4dtische Galerie Villa Zanders, Bergisch Gladbach 1995 (Text: Eugen Gomringer, Stefan Soltek, Wolfgang Vomm)<\/li>\n<li><em>Ulrich Wagner (Leporello-Labyrinthes), <\/em>Mus\u00e9e des Tapisseries, Ville d\u2019 Aix-en-Provence 1997 (Text: Joachim Rothacker, Christine Hartmann, Gerard \u00a0 \u00a0 \u00a0 \u00a0 \u00a0 Bensussan)<\/li>\n<li><em>Ulrich Wagner (Sektor 3), <\/em>Universidad de Guanajuato, Guanajuato\/Mexico 1998 (Text: Juan Carlos Romero Hicks, Susanne Padberg)<\/li>\n<li><em>Ulrich Wagner (ROTBLAU), <\/em>Pfalzgalerie, Kaiserslautern 2003 (Text: Annette Reich)<\/li>\n<li><em>Ulrich Wagner, Bild Raum Landschaft,<\/em> hrsg. von Martin Stather, Mannheimer Kunstverein, Franz Dudenh\u00f6ffer, Kunstverein Speyer, Mannheim, Speyer \u00a0 \u00a0 2008,(Text: Martin Stather, Franz Dudenh\u00f6ffer, Joachim Geil)<\/li>\n<\/ul>\n<p>&nbsp;<\/p>\n<h3><strong>Selection of catalogues<\/strong><\/h3>\n<ul>\n<li>Papier, Akademie der Bildenden K\u00fcnste M\u00fcnchen, M\u00fcnchen 1983 (Text: Eduardo Paolozzi)<\/li>\n<li>Profil, Galerie Ingo K\u00fcmmel\/Kulturzentrum Rote Fabrik K\u00f6ln, Z\u00fcrich 1983 (Text: Susanne Kleine)<\/li>\n<li>Profil, Museum f\u00fcr aktuelle Kunst, Hasselt 1983 (Text: Karin Thomas)<\/li>\n<li>Cologne in Nicosia, Kulturamt der Stadt K\u00f6ln\/Famagusta Gate,K\u00f6ln 1986 (Text: Brigitte Hammer)<\/li>\n<li>Papier, Museum f\u00fcr Verkehr und Technik, Berlin 1987 Forum junger Kunst, St\u00e4dtische Kunsthalle Mannheim, Mannheim 1987 (Text: Hans Dieter Huber)<\/li>\n<li>Papier macht Raum, II. Internationale Biennale der Papierkunst, Leopold-Hoesch-Museum, D\u00fcren 1988 (Text: Dorothea Eimert)<\/li>\n<li>Papierkunst, Saint Louis Gallery of Contemporary Art, Saint Louis 1989 (Text: Dorothea Eimert)<\/li>\n<li>Wachsfabrik 89\/90, Wachsfabrik K\u00f6ln, K\u00f6ln 1990 (Text: J\u00fcrgen Kisters)<\/li>\n<li>Innovation Papier, Galerie am K\u00f6rnerpark, Bezirksamt Neuk\u00f6lln, Berlin 1990 (Text: Dorothea Eimert)<\/li>\n<li>Painters and poets in print, Artists Books 1970\u20131990, South Bank Center Newcastle, Hanley Southampton, 1990 (Text: Matthew Tyson)<\/li>\n<li>Papier als Wissen, III. Intern. Biennale der Papierkunst, Leopold-Hoesch-Museum D\u00fcren, Heidelberg 1991 (Text: Dorothea Eimert)<\/li>\n<li>Paperitaide Sakassa, Suomen Paperitaidegalleria, Kuusankoski 1991 (Text: Dorothea Eimert)<\/li>\n<li>Only Paper?, Papier als k\u00fcnstlerisches Medium, St\u00e4dtische Galerie Villa Zanders, Bergisch Gladbach 1992 (Text: Wolfgang Vomm, Regine Klein)<\/li>\n<li>Casula, Kunst-Station St. Peter, K\u00f6ln 1992 (Text: Friedhelm Mennekes)<\/li>\n<li>Das andere Buch, Rathaus Wien, Wien 1993 (Text: Wolfgang Hilger, Dieter Schrage)<\/li>\n<li>Paper Art. Geschichte der Papierkunst, Leopold-Hoesch-Museum D\u00fcren, K\u00f6ln 1994 (Text: Dorothea Eimert)<\/li>\n<li>6.Triennale Zeitgen\u00f6ssisches deutsche Kunsthandwerk, Museum f\u00fcr Kunsthandwerk,Frankfurt am Main 1994 (Text: Stefan Soltek, Uwe Warnke)<\/li>\n<li>Neuerwerbungen der Pfalzgalerie, hrsg. von Britta E. Buhlmann, Pfalzgalerie, Kaiserslautern 1996 (Text: Heinz H\u00f6fchen)<\/li>\n<li>Contemporary Polish Book Art, hrsg. von Alicja Slowikowska, Galerie DAP, Warschau 1998<\/li>\n<li>Paper Art 7. Electric Paper, hrsg. von Dorothea Eimert Leopold-Hoesch-Museum, D\u00fcren 1998\/1999 (Dorothea Eimert u.a. )<\/li>\n<li>Global 1. Artist books from Germany, Cencebaugh Contemporary Gallery, New York 2000 (Text: Gunnar A. Kaldewey)<\/li>\n<li>Revision \u2013 30 Stationen zum 20. Jahrhundert, Museum f\u00fcr Angewandte Kunst, Frankfurt am Main 2000<\/li>\n<li>Intercity, Galeria Sztuki Wsp\u00f3lczesnej, Bunkier Sztuki, Krak\u00f3w 2001 (Text: Wolfgang Vomm)<\/li>\n<li>XIII. Deutsche Internationale Grafik-Triennale, hrsg. von Sabine M\u00fcller, Kunstverein zu Frechen, Frechen 2002<\/li>\n<li>100 x Papier, St\u00e4dtische Galerie Villa Zanders, Bergisch Gladbach 2004 (Text: Claudia Bausch)<\/li>\n<li>Papier = Kunst 5, Neuer Kunstverein Aschaffenburg, Aschaffenburg 2005 (Text: Joachim Geil)<\/li>\n<li>Der Souvenir, Museum f\u00fcr Angewandte Kunst Frankfurt, Museum f\u00fcr Kommunikation Frankfurt, Frankfurt am Main 2006 (Text: Sabine Runde)<\/li>\n<\/ul>\n<p>&nbsp;<\/p>\n<p>&nbsp;<\/p>\n<h2><strong>Selected publications and reviews in journals and daily papers<\/strong><\/h2>\n<ul>\n<li>Richard Huber, \u201eCologne une ville au parfum\u201c, in: L\u2019art vivant, hrsg. von Adrian Maeght, Paris 1984<\/li>\n<li>Friedemann Malsch, \u201eProfil K\u00fcnstler im Stollwerck, in: Stadt Revue, Heft 2, 1984, K\u00f6ln 1984<\/li>\n<li>Dorothea Eimert, \u201ePapier als K\u00fcnstlerisches Ausdrucksmittel\u201c, in: Die Waage, Bd. 28, 1989, Aachen 1989, S. 143-152<\/li>\n<li>Beatriz Ramos Pina, in: El Nacional, Guanajuato, 1989<\/li>\n<li>Virginia Bautista, in: Reforma, Mexico City, 1989<\/li>\n<li>Helga Meister, \u201eIII. Internationale Biennale der Papierkunst\u201c, in: Kunstforum International, Bd. 109, K\u00f6ln 1990, S. 352-353<\/li>\n<li>K.G. Nicola, \u201ePapier als Wissen\u201c, in: Kunsthandwerk, Heft 4, 1990, S. 218-221<\/li>\n<li>Eu Plunien, \u201ePulp ist geduldig\u201c, in: Welt-Report, Heft 106, Bonn 1990, S. 28-30<\/li>\n<li>Friedemann Malsch, \u201eDas Autonome Kulturzentrum Stollwerck\u201c, in: Kunstforum International, Bd. 117, K\u00f6ln 1992, S. 222-230<\/li>\n<li>Sabine Maja Schilling, \u201eDie Zeichensprache von Ulrich Wagner\u201c, in: Memory, Heft 31, K\u00f6ln 1992, S. 61<\/li>\n<li>Stefan Soltek, \u201eIn den Raum gestellt\u201c, in: Die Waage, Bd. 34, 1995, Aachen 1995, S. 81-88<\/li>\n<li>Dirten P\u00fcttman, \u201eB\u00fccher ohne Schrift und Bild wider das Vergessen\u201c, in: M\u00e4rkische Allgemeine, 04.11.1996, Oranienburg 1996<\/li>\n<li>Monica Mayer, in: El Universal, Mexico City 1998<\/li>\n<li>Alejandro Alonso, in: Reforma, Mexico City 1998<\/li>\n<li>Alejandro Garcia, in: Poliester 23, Mexico City 1998<\/li>\n<li>Ingrid Peinhardt-Frank, in: Grenz-Echo, Aachen 1998<\/li>\n<li>Andreas Fillibeck, \u201eUnirdisches, anregendes Blau\u201c, in: Die Rheinpfalz, 03.09.2003, Kaiserslautern 2001<\/li>\n<li>Isabelle Girard de Soucanton, \u201eEin K\u00fcnstler sieht Rot\u201c, in: Die Rheinpfalz, Kaiserslautern 2003<\/li>\n<li>Fabian R. Lovisa, \u201eAusspannen im Computerraum\u201c, in: Die Rheinpfalz, 05.04.2003, Kaiserslautern 2003<\/li>\n<li>AJW., in: Frankfurter Allgemeine Zeitung, 22.01.2003, Frankfurt am Main 2003<\/li>\n<li>AJW., \u201eArch\u00e4ologie der Erinnerung\u201c, in: Frankfurter Allgemeine Zeitung, 27.01.2003, Frankfurt am Main 2003<\/li>\n<li>Anton Seiberts, \u201eManhattan in Papier\u201c, in: Trierischer Volksfreund, 06.01.2004, Trier 2004<\/li>\n<li>Dorothee Baer-Bogensch\u00fctz, \u201eDie Sonne kommt von unten\u201c, in: Wiesbadener Kurier, 29.04.2005, Wiesbaden 2005<\/li>\n<\/ul>\n<p>&nbsp;<\/p>\n<h2><strong>Other media<\/strong><\/h2>\n<ul>\n<li>3sat-Galerie, 1996, Bewegliches Teletextbild, Sendezeit: 1 Monat<\/li>\n<li>Rotblau, SWR2, Kultur im Land, Beitrag zur Ausstellung Rotblau von Theo Schneider, 05.04.2003, SWR2<\/li>\n<li>Ulrich Wagner, S\u00fcdwestfunk, Fernsehportr\u00e4t von Gabriele K\u00f6rner, Erstsendung: 14.02.2004, SWR<\/li>\n<\/ul>\n<p>&nbsp;<\/p>\n<p>&nbsp;<\/p>\n<p>&nbsp;<\/p>\n<p>&nbsp;<\/p>\n<p>&nbsp;<\/p>\n<p><\/p>","protected":false},"excerpt":{"rendered":"<p>&nbsp; &nbsp; &nbsp; Biography &nbsp; &nbsp; &nbsp; 1959 born in Cologne 1981-1987\u00a0\u00a0 Cologne Polytechnic for Art and Design, under Eduardo Paolozzi 1984-1987 Student in a masterclass of Eduardo Paolozzi 1983 assistant at the Sommerakademie Salzburg 1984-1989 Assistant of Eduardo Paolozzi for the realization of a well project (Museum Ludwig) and the Katastrophenbrunnen at the Bundesgartenschau [&hellip;]<\/p>\n","protected":false},"author":1,"featured_media":0,"parent":0,"menu_order":0,"comment_status":"open","ping_status":"open","template":"","meta":[],"_links":{"self":[{"href":"https:\/\/ulrichwagner-art.de\/en\/wp-json\/wp\/v2\/pages\/13"}],"collection":[{"href":"https:\/\/ulrichwagner-art.de\/en\/wp-json\/wp\/v2\/pages"}],"about":[{"href":"https:\/\/ulrichwagner-art.de\/en\/wp-json\/wp\/v2\/types\/page"}],"author":[{"embeddable":true,"href":"https:\/\/ulrichwagner-art.de\/en\/wp-json\/wp\/v2\/users\/1"}],"replies":[{"embeddable":true,"href":"https:\/\/ulrichwagner-art.de\/en\/wp-json\/wp\/v2\/comments?post=13"}],"version-history":[{"count":3,"href":"https:\/\/ulrichwagner-art.de\/en\/wp-json\/wp\/v2\/pages\/13\/revisions"}],"predecessor-version":[{"id":2596,"href":"https:\/\/ulrichwagner-art.de\/en\/wp-json\/wp\/v2\/pages\/13\/revisions\/2596"}],"wp:attachment":[{"href":"https:\/\/ulrichwagner-art.de\/en\/wp-json\/wp\/v2\/media?parent=13"}],"curies":[{"name":"wp","href":"https:\/\/api.w.org\/{rel}","templated":true}]}}