{"id":1827,"date":"2020-06-22T11:11:44","date_gmt":"2020-06-22T09:11:44","guid":{"rendered":"https:\/\/ulrichwagner-art.de\/?page_id=1827"},"modified":"2020-10-07T15:08:17","modified_gmt":"2020-10-07T13:08:17","slug":"schwarzlicht","status":"publish","type":"page","link":"https:\/\/ulrichwagner-art.de\/en\/projekte\/schwarzlicht\/","title":{"rendered":"Schwarzlicht"},"content":{"rendered":"<p><\/p>\n<p>&nbsp;<\/p>\n<table style=\"height: 780px;\" width=\"817\">\n<tbody>\n<tr>\n<td><a href=\"https:\/\/ulrichwagner-art.de\/uw20\/wp-content\/uploads\/2016\/09\/Swarzlicht-kopieren_klein.jpg\"><img loading=\"lazy\" class=\"alignnone wp-image-1367 size-full\" src=\"https:\/\/ulrichwagner-art.de\/uw20\/wp-content\/uploads\/2016\/09\/Swarzlicht-kopieren_klein.jpg\" alt=\"Swarzlicht-kopieren_klein\" width=\"510\" height=\"765\" srcset=\"https:\/\/ulrichwagner-art.de\/uw20\/wp-content\/uploads\/2016\/09\/Swarzlicht-kopieren_klein.jpg 510w, https:\/\/ulrichwagner-art.de\/uw20\/wp-content\/uploads\/2016\/09\/Swarzlicht-kopieren_klein-267x400.jpg 267w\" sizes=\"(max-width: 510px) 100vw, 510px\" \/><\/a><\/td>\n<td>&nbsp;<\/td>\n<td>\n<p>Ulrich Wagner<\/p>\n<p>\u201eSchwarzLicht\u201c 2016<\/p>\n<p>St\u00e4dtische Sparkasse Offenbach am Main<\/p>\n<p>Luminale 2016<\/p>\n<p>handmade vat paper on stretchers<\/p>\n<p>Neon, steel, wood construction<\/p>\n<p>Size: 1560 x 150 x 300 cm<\/p>\n<\/td>\n<\/tr>\n<\/tbody>\n<\/table>\n<p>&nbsp;<\/p>\n<p>&nbsp;<\/p>\n<table>\n<tbody>\n<tr>\n<td>\n<p>Ulrich Wagner, SchwarzLicht. Ausstellung in der Sparkasse Offenbach, Berliner Stra\u00dfe 46, Luminale 2016<\/p>\n<p>100 Jahre Synagoge in Offenbach geben Anlass zu einer k\u00fcnstlerischen R\u00fcckblende auf die Geschichte des Nationalsozialismus. Grundrisse und Pl\u00e4ne historisch bedeutsamer Geb\u00e4ude, insbesondere im Zusammenhang der Geschichte des Nationalsozialismus, verwandeln sich zu Anordnungen leuchtstarker Farbzeichen im Raum. Ein im Zickzack gebauter, schwarzgrundiger aber leuchtender Kubus, aus gro\u00dfformatigen, handgesch\u00f6pften Papierbahnen und Leuchtstoffr\u00f6hren komponiert, wird zum labyrinthischen Gang durch die Erinnerung an Vernichtung und Tod. Durch seine Zeichensprache und Beleuchtung wandelt Ulrich Wagner faktische Wahrnehmung in visuelle Animation. Der K\u00fcnstler agiert subtil mit formaler Strenge, der Sinnlichkeit von Licht und der Stofflichkeit seiner Papiere. Die Atmosph\u00e4re entsteht in der Ambivalenz von geschichtlicher Reflexion und \u00e4sthetischen Setzungen; eine irritierende Schwebe zwischen dem Sch\u00f6nen und dem Wahren.<\/p>\n<p>Stefan Soltek,\u00a0Klingspor Museum Offenbach<\/p>\n<\/td>\n<td><a href=\"https:\/\/ulrichwagner-art.de\/uw20\/wp-content\/uploads\/2016\/09\/03_Plakat-Schwarzlicht-kopieren.jpg\" rel=\"attachment wp-att-1483\"><img loading=\"lazy\" class=\"alignnone wp-image-1483 size-medium\" src=\"https:\/\/ulrichwagner-art.de\/uw20\/wp-content\/uploads\/2016\/09\/03_Plakat-Schwarzlicht-kopieren-283x400.jpg\" alt=\"03_Plakat Schwarzlicht kopieren\" width=\"283\" height=\"400\" srcset=\"https:\/\/ulrichwagner-art.de\/uw20\/wp-content\/uploads\/2016\/09\/03_Plakat-Schwarzlicht-kopieren-283x400.jpg 283w, https:\/\/ulrichwagner-art.de\/uw20\/wp-content\/uploads\/2016\/09\/03_Plakat-Schwarzlicht-kopieren-768x1087.jpg 768w, https:\/\/ulrichwagner-art.de\/uw20\/wp-content\/uploads\/2016\/09\/03_Plakat-Schwarzlicht-kopieren-723x1024.jpg 723w, https:\/\/ulrichwagner-art.de\/uw20\/wp-content\/uploads\/2016\/09\/03_Plakat-Schwarzlicht-kopieren.jpg 801w\" sizes=\"(max-width: 283px) 100vw, 283px\" \/><\/a><\/td>\n<\/tr>\n<tr>\n<td><a href=\"https:\/\/ulrichwagner-art.de\/uw20\/wp-content\/uploads\/2016\/09\/Bildschirmfoto-2016-12-25-um-17.28.14-Kopie.jpg\" rel=\"attachment wp-att-1487\"><img loading=\"lazy\" class=\"aligncenter wp-image-1487 size-medium\" src=\"https:\/\/ulrichwagner-art.de\/uw20\/wp-content\/uploads\/2016\/09\/Bildschirmfoto-2016-12-25-um-17.28.14-Kopie-400x341.jpg\" alt=\"Bildschirmfoto 2016-12-25 um 17.28.14 Kopie\" width=\"400\" height=\"341\" srcset=\"https:\/\/ulrichwagner-art.de\/uw20\/wp-content\/uploads\/2016\/09\/Bildschirmfoto-2016-12-25-um-17.28.14-Kopie-400x341.jpg 400w, https:\/\/ulrichwagner-art.de\/uw20\/wp-content\/uploads\/2016\/09\/Bildschirmfoto-2016-12-25-um-17.28.14-Kopie.jpg 583w\" sizes=\"(max-width: 400px) 100vw, 400px\" \/><\/a><\/td>\n<td>&nbsp;<\/td>\n<\/tr>\n<tr>\n<td>&nbsp;<\/td>\n<td>&nbsp;<\/td>\n<\/tr>\n<\/tbody>\n<\/table>\n<p>&nbsp;<\/p>\n<p>&nbsp;<\/p>\n<table style=\"height: 516px;\" width=\"915\">\n<tbody>\n<tr>\n<td><a href=\"https:\/\/ulrichwagner-art.de\/uw20\/wp-content\/uploads\/2016\/09\/IMG_3350-kopieren_klein.jpg\"><img loading=\"lazy\" class=\"alignleft wp-image-1365 size-full\" src=\"https:\/\/ulrichwagner-art.de\/uw20\/wp-content\/uploads\/2016\/09\/IMG_3350-kopieren_klein.jpg\" alt=\"IMG_3350-kopieren_klein\" width=\"765\" height=\"508\" srcset=\"https:\/\/ulrichwagner-art.de\/uw20\/wp-content\/uploads\/2016\/09\/IMG_3350-kopieren_klein.jpg 765w, https:\/\/ulrichwagner-art.de\/uw20\/wp-content\/uploads\/2016\/09\/IMG_3350-kopieren_klein-400x266.jpg 400w\" sizes=\"(max-width: 765px) 100vw, 765px\" \/><\/a><\/td>\n<td>&nbsp;<\/td>\n<td>&nbsp;<\/td>\n<\/tr>\n<\/tbody>\n<\/table>\n<p>&nbsp;<\/p>\n<p>&nbsp;<\/p>\n<p>&nbsp;<\/p>\n<p>&nbsp;<\/p>\n<p>&nbsp;<\/p>\n<table style=\"height: 32px;\" width=\"887\">\n<tbody>\n<tr>\n<td>&nbsp;<\/td>\n<td><a href=\"https:\/\/ulrichwagner-art.de\/uw20\/wp-content\/uploads\/2016\/03\/IMG_3659_web.jpg\"><img loading=\"lazy\" class=\"alignnone wp-image-1344 size-large\" src=\"https:\/\/ulrichwagner-art.de\/uw20\/wp-content\/uploads\/2016\/03\/IMG_3659_web-683x1024.jpg\" alt=\"IMG_3659_web\" width=\"683\" height=\"1024\" srcset=\"https:\/\/ulrichwagner-art.de\/uw20\/wp-content\/uploads\/2016\/03\/IMG_3659_web-683x1024.jpg 683w, https:\/\/ulrichwagner-art.de\/uw20\/wp-content\/uploads\/2016\/03\/IMG_3659_web-267x400.jpg 267w, https:\/\/ulrichwagner-art.de\/uw20\/wp-content\/uploads\/2016\/03\/IMG_3659_web-768x1152.jpg 768w\" sizes=\"(max-width: 683px) 100vw, 683px\" \/><\/a><\/td>\n<td>&nbsp;<\/td>\n<\/tr>\n<\/tbody>\n<\/table>\n<p>&nbsp;<\/p>\n<p>&nbsp;<\/p>\n<p><\/p>","protected":false},"excerpt":{"rendered":"<p>&nbsp; &nbsp; Ulrich Wagner \u201eSchwarzLicht\u201c 2016 St\u00e4dtische Sparkasse Offenbach am Main Luminale 2016 handmade vat paper on stretchers Neon, steel, wood construction Size: 1560 x 150 x 300 cm &nbsp; &nbsp; Ulrich Wagner, SchwarzLicht. Ausstellung in der Sparkasse Offenbach, Berliner Stra\u00dfe 46, Luminale 2016 100 Jahre Synagoge in Offenbach geben Anlass zu einer k\u00fcnstlerischen R\u00fcckblende [&hellip;]<\/p>\n","protected":false},"author":1,"featured_media":0,"parent":15,"menu_order":0,"comment_status":"closed","ping_status":"closed","template":"","meta":[],"_links":{"self":[{"href":"https:\/\/ulrichwagner-art.de\/en\/wp-json\/wp\/v2\/pages\/1827"}],"collection":[{"href":"https:\/\/ulrichwagner-art.de\/en\/wp-json\/wp\/v2\/pages"}],"about":[{"href":"https:\/\/ulrichwagner-art.de\/en\/wp-json\/wp\/v2\/types\/page"}],"author":[{"embeddable":true,"href":"https:\/\/ulrichwagner-art.de\/en\/wp-json\/wp\/v2\/users\/1"}],"replies":[{"embeddable":true,"href":"https:\/\/ulrichwagner-art.de\/en\/wp-json\/wp\/v2\/comments?post=1827"}],"version-history":[{"count":3,"href":"https:\/\/ulrichwagner-art.de\/en\/wp-json\/wp\/v2\/pages\/1827\/revisions"}],"predecessor-version":[{"id":1952,"href":"https:\/\/ulrichwagner-art.de\/en\/wp-json\/wp\/v2\/pages\/1827\/revisions\/1952"}],"up":[{"embeddable":true,"href":"https:\/\/ulrichwagner-art.de\/en\/wp-json\/wp\/v2\/pages\/15"}],"wp:attachment":[{"href":"https:\/\/ulrichwagner-art.de\/en\/wp-json\/wp\/v2\/media?parent=1827"}],"curies":[{"name":"wp","href":"https:\/\/api.w.org\/{rel}","templated":true}]}}