{"id":986,"date":"2015-01-11T14:20:01","date_gmt":"2015-01-11T12:20:01","guid":{"rendered":"https:\/\/ulrichwagner-art.de\/?page_id=986"},"modified":"2020-10-09T09:22:52","modified_gmt":"2020-10-09T07:22:52","slug":"ortsgedaechtnis-gedaechtnis-orte","status":"publish","type":"page","link":"https:\/\/ulrichwagner-art.de\/en\/projekte\/ortsgedaechtnis-gedaechtnis-orte\/","title":{"rendered":"Ortsged\u00e4chtnis Ged\u00e4chtnis der Orte"},"content":{"rendered":"<p><\/p>\n<p>\u200b<\/p>\n<table style=\"border-collapse: collapse; width: 100%;\">\n<tbody>\n<tr>\n<td style=\"width: 100%;\"><a href=\"https:\/\/ulrichwagner-art.de\/uw20\/wp-content\/uploads\/2020\/10\/Postkart01K-kopieren.jpg\"><img loading=\"lazy\" class=\"wp-image-1973 aligncenter\" src=\"https:\/\/ulrichwagner-art.de\/uw20\/wp-content\/uploads\/2020\/10\/Postkart01K-kopieren.jpg\" alt=\"\" width=\"800\" height=\"1200\" srcset=\"https:\/\/ulrichwagner-art.de\/uw20\/wp-content\/uploads\/2020\/10\/Postkart01K-kopieren.jpg 756w, https:\/\/ulrichwagner-art.de\/uw20\/wp-content\/uploads\/2020\/10\/Postkart01K-kopieren-267x400.jpg 267w, https:\/\/ulrichwagner-art.de\/uw20\/wp-content\/uploads\/2020\/10\/Postkart01K-kopieren-683x1024.jpg 683w\" sizes=\"(max-width: 800px) 100vw, 800px\" \/><\/a><\/td>\n<\/tr>\n<tr>\n<td style=\"width: 100%;\">\n<p><strong>&#8220;Ortsged\u00e4chtnis Ged\u00e4chtnis der Orte&#8221; 2011<\/strong><\/p>\n<p>LVR-LandesMuseum Bonn<\/p>\n<p>Neon, steel, glued laminated timber construction<\/p>\n<p>Size: 415 x 300 x 1200 cm<\/p>\n<\/td>\n<\/tr>\n<tr>\n<td style=\"width: 100%;\">\n<p>&nbsp;<\/p>\n<p>&nbsp;<\/p>\n<p>&nbsp;<\/p>\n<\/td>\n<\/tr>\n<tr>\n<td style=\"width: 100%;\"><a href=\"https:\/\/ulrichwagner-art.de\/uw20\/wp-content\/uploads\/2020\/10\/Ortsgedaechtis_web.jpg\"><img loading=\"lazy\" class=\"wp-image-1964 alignleft\" src=\"https:\/\/ulrichwagner-art.de\/uw20\/wp-content\/uploads\/2020\/10\/Ortsgedaechtis_web.jpg\" alt=\"\" width=\"800\" height=\"533\" srcset=\"https:\/\/ulrichwagner-art.de\/uw20\/wp-content\/uploads\/2020\/10\/Ortsgedaechtis_web.jpg 1155w, https:\/\/ulrichwagner-art.de\/uw20\/wp-content\/uploads\/2020\/10\/Ortsgedaechtis_web-400x267.jpg 400w, https:\/\/ulrichwagner-art.de\/uw20\/wp-content\/uploads\/2020\/10\/Ortsgedaechtis_web-1024x683.jpg 1024w, https:\/\/ulrichwagner-art.de\/uw20\/wp-content\/uploads\/2020\/10\/Ortsgedaechtis_web-768x512.jpg 768w\" sizes=\"(max-width: 800px) 100vw, 800px\" \/><\/a><\/td>\n<\/tr>\n<tr>\n<td style=\"width: 100%;\">\n<p>The following text is presently available in German only. A translation will be supplied as soon as possible.<\/p>\n<p><b>Die Schaltkreise der Macht<\/b><\/p>\n<p><i>Von Frank Auffenberg<\/i><\/p>\n<p><strong>Bonn.<\/strong> Skeptisch blickt eine Besucherin des LVR-Landesmuseums auf den niedrigen Eingang des neuen Lichtraumes des K\u00f6lner K\u00fcnstlers Ulrich Wagner. Nur stark geb\u00fcckt kann sie das Objekt betreten. Hochpolierte Edelstahlplatten suggerieren scheinbare Bodenlosigkeit.<\/p>\n<p>Sie wirkt unsicher, ob sie die Rauminstallation wirklich betreten soll. &#8220;Keine Scheu, sie werden nicht stolpern oder fallen. Lassen sie einfach den Raum auf sich wirken&#8221;, beruhigt der K\u00fcnstler und schon verschwindet sie im engen Eingang von &#8220;Ortsged\u00e4chtnis &#8211; Ged\u00e4chtnis der Orte&#8221;. Sie erwartet ein ebenso \u00e4sthetisches wie irritierendes Raumerlebnis.<\/p>\n<p>Allein von roten Lichtr\u00f6hren beleuchtet, zeigen Wagners W\u00e4nde zun\u00e4chst willk\u00fcrlich erscheinende Linien auf dunklem Grund. Sie spiegeln sich auf dem Boden, der Betrachter scheint in einem Schaltkreis aus roten und gelben Linienmustern zu schweben. Erst nach und nach werden Strukturen erkennbar. Grundrisse zeichnen sich ab, Landmarken werden erkennbar.<\/p>\n<p>Aufmerksamen Augen fallen bald kleine Davidsterne sowie rote und rosa Winkel auf. Die versteckten Symbole, mit denen die Nationalsozialisten ihre Opfer kennzeichneten als Juden, politisch Verfolgte oder Homosexuelle sind ein erster Hinweis auf die Urspr\u00fcnge und Zusammenh\u00e4nge der sich \u00fcberlagernden Pl\u00e4ne. Erst ein knapp f\u00fcnf Minuten kurzer Film des Grimmepreistr\u00e4gers Frieder Wagner schafft endg\u00fcltige Klarheit.<\/p>\n<p>Bei den Pl\u00e4nen und Grundrissen handelt es sich um Orte, Architekturen und Strukturen des Nationalsozialismus im Rheinland. &#8220;Es \u00fcberlagern sich Pl\u00e4ne der Ordensburg Vogelsang, Grundrisse des K\u00f6lner El De Hauses, also des Sitzes der Gestapo in K\u00f6ln, des Aartunnels und auch des K\u00f6lner Tanzbrunnens. Au\u00dfer Vogelsang sind es Orte, die von den Nationalsozialisten nicht gebaut sondern genutzt oder eben missbraucht wurden&#8221;, erkl\u00e4rt der K\u00fcnstler.<\/p>\n<p>In der neu konzipierten Dauerausstellung &#8220;Kunst und Macht im 20. Jahrhundert&#8221; soll der Raum ein Versuch sein, die Seh- und Denkgewohnheiten der Besucher zu durchbrechen und sie in eine Reflexion des Gesehenen und Erlebten zu f\u00fchren. &#8220;W\u00e4hrend Farb-, Licht und Materialeindr\u00fccke den Betrachter sinnlich ansprechen, mitunter \u00e4sthetisch wirken, wartet der zweite Blick mit der Entdeckung auf, dass die Zeichen und Strukturen Orte des Nationalsozialismus repr\u00e4sentieren&#8221;, erkl\u00e4rt die Direktorin des Museums, Gabriele Uelsberg.<\/p>\n<p>Oft seien die Geschichten und Erinnerungen an die Vergangenheit der Orte kaum bekannt. &#8220;Ein gutes Beispiel ist der K\u00f6lner Tanzbrunnen. Wer heute dort eine Veranstaltung besucht, wei\u00df nur selten, dass die Anlage zeitweise als Au\u00dfenstelle des Konzentrationslagers Buchenwald diente&#8221;, so Wagner.<\/p>\n<p><em>More and the digital version of the info video on\u00a0<a href=\"http:\/\/www.rlmb.lvr.de\" target=\"_blank\" rel=\"noopener noreferrer\">www.rlmb.lvr.de<\/a>.<\/em><\/p>\n<p><em>Article of May 4, 2011<\/em><\/p>\n<p>&nbsp;<\/p>\n<p>&nbsp;<\/p>\n<\/td>\n<\/tr>\n<tr>\n<td style=\"width: 100%;\">\n<p><a href=\"https:\/\/ulrichwagner-art.de\/uw20\/wp-content\/uploads\/2020\/10\/IMG_2414_web.jpg\"><img loading=\"lazy\" class=\"wp-image-2120 aligncenter\" src=\"https:\/\/ulrichwagner-art.de\/uw20\/wp-content\/uploads\/2020\/10\/IMG_2414_web-683x1024.jpg\" alt=\"\" width=\"600\" height=\"900\" srcset=\"https:\/\/ulrichwagner-art.de\/uw20\/wp-content\/uploads\/2020\/10\/IMG_2414_web-683x1024.jpg 683w, https:\/\/ulrichwagner-art.de\/uw20\/wp-content\/uploads\/2020\/10\/IMG_2414_web-267x400.jpg 267w, https:\/\/ulrichwagner-art.de\/uw20\/wp-content\/uploads\/2020\/10\/IMG_2414_web.jpg 756w\" sizes=\"(max-width: 600px) 100vw, 600px\" \/><\/a><\/p>\n<\/td>\n<\/tr>\n<tr>\n<td style=\"width: 100%;\">\n<p>&nbsp;<\/p>\n<\/td>\n<\/tr>\n<tr>\n<td style=\"width: 100%;\"><a href=\"https:\/\/ulrichwagner-art.de\/uw20\/wp-content\/uploads\/2011\/04\/Einladung_Wagner-web1.jpg\"><img loading=\"lazy\" class=\"aligncenter wp-image-333\" src=\"https:\/\/ulrichwagner-art.de\/ordnerWP\/wp-content\/uploads\/Einladung_Wagner-web1-1011x1024.jpg\" alt=\"Einladung_Wagner web1\" width=\"600\" height=\"608\" \/><\/a><\/td>\n<\/tr>\n<tr>\n<td style=\"width: 100%;\">\n<p>&nbsp;<\/p>\n<p>&nbsp;<\/p>\n<\/td>\n<\/tr>\n<tr>\n<td style=\"width: 100%;\"><a href=\"https:\/\/ulrichwagner-art.de\/uw20\/wp-content\/uploads\/2011\/04\/Einladung_Wagner-web2.jpg\"><img loading=\"lazy\" class=\"aligncenter wp-image-335\" src=\"https:\/\/ulrichwagner-art.de\/ordnerWP\/wp-content\/uploads\/Einladung_Wagner-web2-1011x1024.jpg\" alt=\"Einladung_Wagner web2\" width=\"600\" height=\"607\" \/><\/a><\/td>\n<\/tr>\n<tr>\n<td style=\"width: 100%;\">\u00a0<\/td>\n<\/tr>\n<tr>\n<td style=\"width: 100%;\">\u00a0<\/td>\n<\/tr>\n<\/tbody>\n<\/table>\n<p>&nbsp;<\/p>\n<p>&nbsp;<\/p>\n<p>&nbsp;<\/p>\n<p>&nbsp;<\/p>\n<p>&nbsp;<\/p>\n<p>&nbsp;<\/p>\n<p>&nbsp;<\/p>\n<p>&nbsp;<\/p>\n<p>&nbsp;<\/p>\n<p><\/p>","protected":false},"excerpt":{"rendered":"<p>\u200b &#8220;Ortsged\u00e4chtnis Ged\u00e4chtnis der Orte&#8221; 2011 LVR-LandesMuseum Bonn Neon, steel, glued laminated timber construction Size: 415 x 300 x 1200 cm &nbsp; &nbsp; &nbsp; The following text is presently available in German only. A translation will be supplied as soon as possible. Die Schaltkreise der Macht Von Frank Auffenberg Bonn. Skeptisch blickt eine Besucherin des [&hellip;]<\/p>\n","protected":false},"author":1,"featured_media":0,"parent":15,"menu_order":0,"comment_status":"closed","ping_status":"closed","template":"","meta":[],"_links":{"self":[{"href":"https:\/\/ulrichwagner-art.de\/en\/wp-json\/wp\/v2\/pages\/986"}],"collection":[{"href":"https:\/\/ulrichwagner-art.de\/en\/wp-json\/wp\/v2\/pages"}],"about":[{"href":"https:\/\/ulrichwagner-art.de\/en\/wp-json\/wp\/v2\/types\/page"}],"author":[{"embeddable":true,"href":"https:\/\/ulrichwagner-art.de\/en\/wp-json\/wp\/v2\/users\/1"}],"replies":[{"embeddable":true,"href":"https:\/\/ulrichwagner-art.de\/en\/wp-json\/wp\/v2\/comments?post=986"}],"version-history":[{"count":3,"href":"https:\/\/ulrichwagner-art.de\/en\/wp-json\/wp\/v2\/pages\/986\/revisions"}],"predecessor-version":[{"id":2123,"href":"https:\/\/ulrichwagner-art.de\/en\/wp-json\/wp\/v2\/pages\/986\/revisions\/2123"}],"up":[{"embeddable":true,"href":"https:\/\/ulrichwagner-art.de\/en\/wp-json\/wp\/v2\/pages\/15"}],"wp:attachment":[{"href":"https:\/\/ulrichwagner-art.de\/en\/wp-json\/wp\/v2\/media?parent=986"}],"curies":[{"name":"wp","href":"https:\/\/api.w.org\/{rel}","templated":true}]}}